{"id":110,"date":"2021-12-10T16:19:39","date_gmt":"2021-12-10T15:19:39","guid":{"rendered":"https:\/\/studioprogramowania.pl\/?page_id=110"},"modified":"2022-03-01T15:57:20","modified_gmt":"2022-03-01T14:57:20","slug":"studio-programowania","status":"publish","type":"page","link":"https:\/\/studioprogramowania.pl\/","title":{"rendered":"Studio Programowania"},"content":{"rendered":"","protected":false},"excerpt":{"rendered":"","protected":false},"author":1,"featured_media":0,"parent":0,"menu_order":0,"comment_status":"closed","ping_status":"closed","template":"","meta":{"footnotes":""},"yoast_head":"<!-- This site is optimized with the Yoast SEO plugin v22.8 - https:\/\/yoast.com\/wordpress\/plugins\/seo\/ -->\n<title>Studio Programowania - Studio Programowania<\/title>\n<meta name=\"description\" content=\"Stw\u00f3rz z nami swoj\u0105 platform\u0119 edukacyjn\u0105 online i zacznij zarabia\u0107 na dzieleniu si\u0119 swoimi pasjami! Nagrywaj zaj\u0119cia gdzie i kiedy chcesz.\" \/>\n<meta name=\"robots\" content=\"noindex, follow, max-snippet:-1, max-image-preview:large, max-video-preview:-1\" \/>\n<meta property=\"og:locale\" content=\"pl_PL\" \/>\n<meta property=\"og:type\" content=\"article\" \/>\n<meta property=\"og:title\" content=\"Studio Programowania - Studio Programowania\" \/>\n<meta property=\"og:description\" content=\"Stw\u00f3rz z nami swoj\u0105 platform\u0119 edukacyjn\u0105 online i zacznij zarabia\u0107 na dzieleniu si\u0119 swoimi pasjami! Nagrywaj zaj\u0119cia gdzie i kiedy chcesz.\" \/>\n<meta property=\"og:url\" content=\"https:\/\/studioprogramowania.pl\/?page_id=110\" \/>\n<meta property=\"og:site_name\" content=\"Studio Programowania\" \/>\n<meta property=\"article:modified_time\" content=\"2022-03-01T14:57:20+00:00\" \/>\n<meta name=\"twitter:card\" content=\"summary_large_image\" \/>\n<script type=\"application\/ld+json\" class=\"yoast-schema-graph\">{\"@context\":\"https:\/\/schema.org\",\"@graph\":[{\"@type\":\"WebPage\",\"@id\":\"https:\/\/studioprogramowania.pl\/?page_id=110\",\"url\":\"https:\/\/studioprogramowania.pl\/?page_id=110\",\"name\":\"Studio Programowania - Studio Programowania\",\"isPartOf\":{\"@id\":\"https:\/\/studioprogramowania.pl\/#website\"},\"datePublished\":\"2021-12-10T15:19:39+00:00\",\"dateModified\":\"2022-03-01T14:57:20+00:00\",\"description\":\"Stw\u00f3rz z nami swoj\u0105 platform\u0119 edukacyjn\u0105 online i zacznij zarabia\u0107 na dzieleniu si\u0119 swoimi pasjami! Nagrywaj zaj\u0119cia gdzie i kiedy chcesz.\",\"breadcrumb\":{\"@id\":\"https:\/\/studioprogramowania.pl\/?page_id=110#breadcrumb\"},\"inLanguage\":\"pl-PL\",\"potentialAction\":[{\"@type\":\"ReadAction\",\"target\":[\"https:\/\/studioprogramowania.pl\/?page_id=110\"]}]},{\"@type\":\"BreadcrumbList\",\"@id\":\"https:\/\/studioprogramowania.pl\/?page_id=110#breadcrumb\",\"itemListElement\":[{\"@type\":\"ListItem\",\"position\":1,\"name\":\"Strona g\u0142\u00f3wna\",\"item\":\"https:\/\/studioprogramowania.pl\/?page_id=110\"},{\"@type\":\"ListItem\",\"position\":2,\"name\":\"Studio Programowania\"}]},{\"@type\":\"WebSite\",\"@id\":\"https:\/\/studioprogramowania.pl\/#website\",\"url\":\"https:\/\/studioprogramowania.pl\/\",\"name\":\"Studio Programowania\",\"description\":\"Twoja w\u0142asna platforma edukacyjna online w kilka minut!\",\"publisher\":{\"@id\":\"https:\/\/studioprogramowania.pl\/#organization\"},\"potentialAction\":[{\"@type\":\"SearchAction\",\"target\":{\"@type\":\"EntryPoint\",\"urlTemplate\":\"https:\/\/studioprogramowania.pl\/?s={search_term_string}\"},\"query-input\":\"required name=search_term_string\"}],\"inLanguage\":\"pl-PL\"},{\"@type\":\"Organization\",\"@id\":\"https:\/\/studioprogramowania.pl\/#organization\",\"name\":\"Studio Programowania\",\"url\":\"https:\/\/studioprogramowania.pl\/\",\"logo\":{\"@type\":\"ImageObject\",\"inLanguage\":\"pl-PL\",\"@id\":\"https:\/\/studioprogramowania.pl\/#\/schema\/logo\/image\/\",\"url\":\"https:\/\/studioprogramowania.pl\/wp-content\/uploads\/2021\/12\/studio-programowania-logo.png\",\"contentUrl\":\"https:\/\/studioprogramowania.pl\/wp-content\/uploads\/2021\/12\/studio-programowania-logo.png\",\"width\":364,\"height\":85,\"caption\":\"Studio Programowania\"},\"image\":{\"@id\":\"https:\/\/studioprogramowania.pl\/#\/schema\/logo\/image\/\"}}]}<\/script>\n<!-- \/ Yoast SEO plugin. -->","yoast_head_json":{"title":"Studio Programowania - Studio Programowania","description":"Stw\u00f3rz z nami swoj\u0105 platform\u0119 edukacyjn\u0105 online i zacznij zarabia\u0107 na dzieleniu si\u0119 swoimi pasjami! Nagrywaj zaj\u0119cia gdzie i kiedy chcesz.","robots":{"index":"noindex","follow":"follow","max-snippet":"max-snippet:-1","max-image-preview":"max-image-preview:large","max-video-preview":"max-video-preview:-1"},"og_locale":"pl_PL","og_type":"article","og_title":"Studio Programowania - Studio Programowania","og_description":"Stw\u00f3rz z nami swoj\u0105 platform\u0119 edukacyjn\u0105 online i zacznij zarabia\u0107 na dzieleniu si\u0119 swoimi pasjami! Nagrywaj zaj\u0119cia gdzie i kiedy chcesz.","og_url":"https:\/\/studioprogramowania.pl\/?page_id=110","og_site_name":"Studio Programowania","article_modified_time":"2022-03-01T14:57:20+00:00","twitter_card":"summary_large_image","schema":{"@context":"https:\/\/schema.org","@graph":[{"@type":"WebPage","@id":"https:\/\/studioprogramowania.pl\/?page_id=110","url":"https:\/\/studioprogramowania.pl\/?page_id=110","name":"Studio Programowania - Studio Programowania","isPartOf":{"@id":"https:\/\/studioprogramowania.pl\/#website"},"datePublished":"2021-12-10T15:19:39+00:00","dateModified":"2022-03-01T14:57:20+00:00","description":"Stw\u00f3rz z nami swoj\u0105 platform\u0119 edukacyjn\u0105 online i zacznij zarabia\u0107 na dzieleniu si\u0119 swoimi pasjami! Nagrywaj zaj\u0119cia gdzie i kiedy chcesz.","breadcrumb":{"@id":"https:\/\/studioprogramowania.pl\/?page_id=110#breadcrumb"},"inLanguage":"pl-PL","potentialAction":[{"@type":"ReadAction","target":["https:\/\/studioprogramowania.pl\/?page_id=110"]}]},{"@type":"BreadcrumbList","@id":"https:\/\/studioprogramowania.pl\/?page_id=110#breadcrumb","itemListElement":[{"@type":"ListItem","position":1,"name":"Strona g\u0142\u00f3wna","item":"https:\/\/studioprogramowania.pl\/?page_id=110"},{"@type":"ListItem","position":2,"name":"Studio Programowania"}]},{"@type":"WebSite","@id":"https:\/\/studioprogramowania.pl\/#website","url":"https:\/\/studioprogramowania.pl\/","name":"Studio Programowania","description":"Twoja w\u0142asna platforma edukacyjna online w kilka minut!","publisher":{"@id":"https:\/\/studioprogramowania.pl\/#organization"},"potentialAction":[{"@type":"SearchAction","target":{"@type":"EntryPoint","urlTemplate":"https:\/\/studioprogramowania.pl\/?s={search_term_string}"},"query-input":"required name=search_term_string"}],"inLanguage":"pl-PL"},{"@type":"Organization","@id":"https:\/\/studioprogramowania.pl\/#organization","name":"Studio Programowania","url":"https:\/\/studioprogramowania.pl\/","logo":{"@type":"ImageObject","inLanguage":"pl-PL","@id":"https:\/\/studioprogramowania.pl\/#\/schema\/logo\/image\/","url":"https:\/\/studioprogramowania.pl\/wp-content\/uploads\/2021\/12\/studio-programowania-logo.png","contentUrl":"https:\/\/studioprogramowania.pl\/wp-content\/uploads\/2021\/12\/studio-programowania-logo.png","width":364,"height":85,"caption":"Studio Programowania"},"image":{"@id":"https:\/\/studioprogramowania.pl\/#\/schema\/logo\/image\/"}}]}},"_links":{"self":[{"href":"https:\/\/studioprogramowania.pl\/index.php?rest_route=\/wp\/v2\/pages\/110"}],"collection":[{"href":"https:\/\/studioprogramowania.pl\/index.php?rest_route=\/wp\/v2\/pages"}],"about":[{"href":"https:\/\/studioprogramowania.pl\/index.php?rest_route=\/wp\/v2\/types\/page"}],"author":[{"embeddable":true,"href":"https:\/\/studioprogramowania.pl\/index.php?rest_route=\/wp\/v2\/users\/1"}],"replies":[{"embeddable":true,"href":"https:\/\/studioprogramowania.pl\/index.php?rest_route=%2Fwp%2Fv2%2Fcomments&post=110"}],"version-history":[{"count":1,"href":"https:\/\/studioprogramowania.pl\/index.php?rest_route=\/wp\/v2\/pages\/110\/revisions"}],"predecessor-version":[{"id":111,"href":"https:\/\/studioprogramowania.pl\/index.php?rest_route=\/wp\/v2\/pages\/110\/revisions\/111"}],"wp:attachment":[{"href":"https:\/\/studioprogramowania.pl\/index.php?rest_route=%2Fwp%2Fv2%2Fmedia&parent=110"}],"curies":[{"name":"wp","href":"https:\/\/api.w.org\/{rel}","templated":true}]}}